{"id":11746,"date":"2026-01-06T12:52:33","date_gmt":"2026-01-06T17:52:33","guid":{"rendered":"https:\/\/gosec.net\/new-plan-de-partenariat\/"},"modified":"2026-01-06T13:09:36","modified_gmt":"2026-01-06T18:09:36","slug":"new-plan-de-partenariat","status":"publish","type":"page","link":"https:\/\/gosec.net\/fr\/new-plan-de-partenariat\/","title":{"rendered":"NOUVEAU Plan de Partenariat"},"content":{"rendered":"<p>[et_pb_section fb_built=\u00a0\u00bb1&Prime; fullwidth=\u00a0\u00bbon\u00a0\u00bb admin_label=\u00a0\u00bbHeader\u00a0\u00bb _builder_version=\u00a0\u00bb4.17.4&Prime; _module_preset=\u00a0\u00bbdefault\u00a0\u00bb collapsed=\u00a0\u00bboff\u00a0\u00bb global_colors_info=\u00a0\u00bb{}\u00a0\u00bb][et_pb_fullwidth_header title=\u00a0\u00bbPLAN DE PARTENARIAT\u00a0\u00bb title_tablet=\u00a0\u00bbPLAN DE PARTENARIAT\u00a0\u00bb title_phone=\u00a0\u00bbPLAN DE PARTENARIAT\u00a0\u00bb title_last_edited=\u00a0\u00bbon|desktop\u00a0\u00bb _builder_version=\u00a0\u00bb4.20.2&Prime; _module_preset=\u00a0\u00bbdefault\u00a0\u00bb title_font=\u00a0\u00bbMontserrat|700||on|||||\u00a0\u00bb title_text_align=\u00a0\u00bbcenter\u00a0\u00bb title_text_color=\u00a0\u00bb#ffffff\u00a0\u00bb title_font_size=\u00a0\u00bb36px\u00a0\u00bb subhead_font=\u00a0\u00bbRaleway|600|||||||\u00a0\u00bb subhead_text_align=\u00a0\u00bbcenter\u00a0\u00bb subhead_text_color=\u00a0\u00bb#ffffff\u00a0\u00bb subhead_font_size=\u00a0\u00bb60px\u00a0\u00bb background_enable_color=\u00a0\u00bboff\u00a0\u00bb use_background_color_gradient=\u00a0\u00bbon\u00a0\u00bb background_color_gradient_type=\u00a0\u00bbcircular\u00a0\u00bb background_color_gradient_direction_radial=\u00a0\u00bbright\u00a0\u00bb background_color_gradient_stops=\u00a0\u00bb#ffffff 0%|#aaaaaa 100%\u00a0\u00bb background_color_gradient_start=\u00a0\u00bb#ffffff\u00a0\u00bb background_color_gradient_end=\u00a0\u00bb#aaaaaa\u00a0\u00bb background_image=\u00a0\u00bbhttps:\/\/gosec.net\/wp-content\/uploads\/GoSec_2022_Banner_color_digital-waves_NoLogo_x600-1.jpg\u00a0\u00bb background_position=\u00a0\u00bbcenter_right\u00a0\u00bb min_height=\u00a0\u00bb200px\u00a0\u00bb custom_css_title=\u00a0\u00bbpadding-bottom:20px;\u00a0\u00bb custom_css_subtitle=\u00a0\u00bbpadding-bottom:20px;\u00a0\u00bb subhead_text_shadow_style=\u00a0\u00bbpreset1&Prime; subhead_text_shadow_color=\u00a0\u00bbrgba(0,0,0,0.6)\u00a0\u00bb global_colors_info=\u00a0\u00bb{}\u00a0\u00bb title__hover_enabled=\u00a0\u00bbon|desktop\u00a0\u00bb title__hover=\u00a0\u00bbSPONSORSHIP PLAN\u00a0\u00bb][\/et_pb_fullwidth_header][\/et_pb_section][et_pb_section fb_built=\u00a0\u00bb1&Prime; admin_label=\u00a0\u00bbTitanium\u00a0\u00bb _builder_version=\u00a0\u00bb4.16&Prime; _module_preset=\u00a0\u00bbdefault\u00a0\u00bb collapsed=\u00a0\u00bboff\u00a0\u00bb global_colors_info=\u00a0\u00bb{}\u00a0\u00bb][et_pb_row column_structure=\u00a0\u00bb1_2,1_2&Prime; _builder_version=\u00a0\u00bb4.16&Prime; _module_preset=\u00a0\u00bbdefault\u00a0\u00bb collapsed=\u00a0\u00bboff\u00a0\u00bb global_colors_info=\u00a0\u00bb{}\u00a0\u00bb][et_pb_column type=\u00a0\u00bb1_2&Prime; _builder_version=\u00a0\u00bb4.16&Prime; _module_preset=\u00a0\u00bbdefault\u00a0\u00bb global_colors_info=\u00a0\u00bb{}\u00a0\u00bb][et_pb_cta title=\u00a0\u00bbPOSITIONNEZ VOTRE ENTREPRISE AU COEUR DE L&apos;EXCELLENCE EN CYBERS\u00c9CURIT\u00c9\u00a0\u00bb _builder_version=\u00a0\u00bb4.20.2&Prime; _module_preset=\u00a0\u00bbdefault\u00a0\u00bb header_font=\u00a0\u00bbMontserrat|700||on|||||\u00a0\u00bb header_text_align=\u00a0\u00bbcenter\u00a0\u00bb header_font_size=\u00a0\u00bb20px\u00a0\u00bb body_font=\u00a0\u00bbMontserrat||||||||\u00a0\u00bb body_font_size=\u00a0\u00bb14px\u00a0\u00bb text_orientation=\u00a0\u00bbjustified\u00a0\u00bb min_height=\u00a0\u00bb669.5px\u00a0\u00bb global_colors_info=\u00a0\u00bb{}\u00a0\u00bb]<\/p>\n<p data-start=\"114\" data-end=\"335\">En tant que partenaire, vous aurez l\u2019opportunit\u00e9 unique de collaborer avec des acteurs cl\u00e9s de l\u2019industrie, d\u2019accro\u00eetre votre visibilit\u00e9 et d\u2019\u00e9tablir des relations strat\u00e9giques qui renforceront votre impact sur le march\u00e9.<\/p>\n<p><\/p>\n<p data-start=\"337\" data-end=\"597\">Consultez notre plan de partenariat pour d\u00e9couvrir les avantages exclusifs qui vous attendent. En tant que pilier de cet \u00e9v\u00e9nement majeur, votre entreprise b\u00e9n\u00e9ficiera d\u2019une visibilit\u00e9 in\u00e9gal\u00e9e et contribuera activement \u00e0 fa\u00e7onner l\u2019avenir de la cybers\u00e9curit\u00e9.<\/p>\n<p><\/p>\n<p data-start=\"599\" data-end=\"761\">Ne manquez pas cette occasion d\u2019associer votre entreprise \u00e0 l\u2019excellence et de jouer un r\u00f4le cl\u00e9 dans la protection des donn\u00e9es et des infrastructures num\u00e9riques.<\/p>\n<p><\/p>\n<p data-start=\"763\" data-end=\"908\">Envoyez d\u00e8s maintenant un courriel \u00e0 <strong data-start=\"803\" data-end=\"822\"><a class=\"decorated-link cursor-pointer\" rel=\"noopener\" data-start=\"805\" data-end=\"820\">gosec@gosec.net<\/a><\/strong> et joignez le PDF compl\u00e9t\u00e9 afin de rejoindre cette communaut\u00e9 dynamique et innovante.<\/p>\n<p>[\/et_pb_cta][\/et_pb_column][et_pb_column type=\u00a0\u00bb1_2&Prime; _builder_version=\u00a0\u00bb4.16&Prime; _module_preset=\u00a0\u00bbdefault\u00a0\u00bb global_colors_info=\u00a0\u00bb{}\u00a0\u00bb][et_pb_image src=\u00a0\u00bbhttps:\/\/gosec.net\/wp-content\/uploads\/COVER-WEB-FR-1.png\u00a0\u00bb alt=\u00a0\u00bbGoSec Plan de partenariat\u00a0\u00bb title_text=\u00a0\u00bbGoSec Plan de partenariat\u00a0\u00bb url=\u00a0\u00bb@ET-DC@eyJkeW5hbWljIjp0cnVlLCJjb250ZW50IjoicG9zdF9saW5rX3VybF9hdHRhY2htZW50Iiwic2V0dGluZ3MiOnsicG9zdF9pZCI6IjExNzU4In19@\u00a0\u00bb _builder_version=\u00a0\u00bb4.27.4&Prime; _dynamic_attributes=\u00a0\u00bburl\u00a0\u00bb _module_preset=\u00a0\u00bbdefault\u00a0\u00bb hover_enabled=\u00a0\u00bb0&Prime; global_colors_info=\u00a0\u00bb{}\u00a0\u00bb sticky_enabled=\u00a0\u00bb0&Prime;][\/et_pb_image][\/et_pb_column][\/et_pb_row][\/et_pb_section]<\/p>\n","protected":false},"excerpt":{"rendered":"<p>En tant que partenaire, vous aurez l\u2019opportunit\u00e9 unique de collaborer avec des acteurs cl\u00e9s de l\u2019industrie, d\u2019accro\u00eetre votre visibilit\u00e9 et d\u2019\u00e9tablir des relations strat\u00e9giques qui renforceront votre impact sur le [&hellip;]<\/p>\n","protected":false},"author":23,"featured_media":0,"parent":0,"menu_order":0,"comment_status":"closed","ping_status":"closed","template":"","meta":{"_et_pb_use_builder":"on","_et_pb_old_content":"","_et_gb_content_width":"","_price":"","_stock":"","_tribe_ticket_header":"","_tribe_default_ticket_provider":"Tribe__Tickets_Plus__Commerce__WooCommerce__Main","_tribe_ticket_capacity":"0","_ticket_start_date":"","_ticket_end_date":"","_tribe_ticket_show_description":"","_tribe_ticket_show_not_going":false,"_tribe_ticket_use_global_stock":"","_tribe_ticket_global_stock_level":"","_global_stock_mode":"","_global_stock_cap":"","_tribe_rsvp_for_event":"","_tribe_ticket_going_count":"","_tribe_ticket_not_going_count":"","_tribe_tickets_list":"[]","_tribe_ticket_has_attendee_info_fields":false,"footnotes":"","_tec_slr_enabled":"","_tec_slr_layout":""},"class_list":["post-11746","page","type-page","status-publish","hentry"],"yoast_head":"<!-- This site is optimized with the Yoast SEO plugin v27.4 - https:\/\/yoast.com\/product\/yoast-seo-wordpress\/ -->\n<title>NOUVEAU Plan de Partenariat - GoSec<\/title>\n<meta name=\"robots\" content=\"index, follow, max-snippet:-1, max-image-preview:large, max-video-preview:-1\" \/>\n<link rel=\"canonical\" href=\"https:\/\/gosec.net\/fr\/new-plan-de-partenariat\/\" \/>\n<meta property=\"og:locale\" content=\"fr_FR\" \/>\n<meta property=\"og:type\" content=\"article\" \/>\n<meta property=\"og:title\" content=\"NOUVEAU Plan de Partenariat - GoSec\" \/>\n<meta property=\"og:description\" content=\"Participez \u00e0 la 17e \u00e9dition de GoSec - Plus de d\u00e9tails \u00e0 venir!\" \/>\n<meta property=\"og:url\" content=\"https:\/\/gosec.net\/fr\/new-plan-de-partenariat\/\" \/>\n<meta property=\"og:site_name\" content=\"GoSec\" \/>\n<meta property=\"article:modified_time\" content=\"2026-01-06T18:09:36+00:00\" \/>\n<meta name=\"twitter:card\" content=\"summary_large_image\" \/>\n<meta name=\"twitter:site\" content=\"@GoSec\" \/>\n<meta name=\"twitter:label1\" content=\"Dur\u00e9e de lecture estim\u00e9e\" \/>\n\t<meta name=\"twitter:data1\" content=\"1 minute\" \/>\n<script type=\"application\/ld+json\" class=\"yoast-schema-graph\">{\"@context\":\"https:\\\/\\\/schema.org\",\"@graph\":[{\"@type\":\"WebPage\",\"@id\":\"https:\\\/\\\/gosec.net\\\/fr\\\/new-plan-de-partenariat\\\/\",\"url\":\"https:\\\/\\\/gosec.net\\\/fr\\\/new-plan-de-partenariat\\\/\",\"name\":\"NOUVEAU Plan de Partenariat - GoSec\",\"isPartOf\":{\"@id\":\"https:\\\/\\\/gosec.net\\\/fr\\\/#website\"},\"datePublished\":\"2026-01-06T17:52:33+00:00\",\"dateModified\":\"2026-01-06T18:09:36+00:00\",\"breadcrumb\":{\"@id\":\"https:\\\/\\\/gosec.net\\\/fr\\\/new-plan-de-partenariat\\\/#breadcrumb\"},\"inLanguage\":\"fr-FR\",\"potentialAction\":[{\"@type\":\"ReadAction\",\"target\":[\"https:\\\/\\\/gosec.net\\\/fr\\\/new-plan-de-partenariat\\\/\"]}]},{\"@type\":\"BreadcrumbList\",\"@id\":\"https:\\\/\\\/gosec.net\\\/fr\\\/new-plan-de-partenariat\\\/#breadcrumb\",\"itemListElement\":[{\"@type\":\"ListItem\",\"position\":1,\"name\":\"Home\",\"item\":\"https:\\\/\\\/gosec.net\\\/fr\\\/\"},{\"@type\":\"ListItem\",\"position\":2,\"name\":\"NOUVEAU Plan de Partenariat\"}]},{\"@type\":\"WebSite\",\"@id\":\"https:\\\/\\\/gosec.net\\\/fr\\\/#website\",\"url\":\"https:\\\/\\\/gosec.net\\\/fr\\\/\",\"name\":\"GoSec\",\"description\":\"Together, let\u2019s inspire, educate, and shape the future of cybersecurity\",\"publisher\":{\"@id\":\"https:\\\/\\\/gosec.net\\\/fr\\\/#organization\"},\"potentialAction\":[{\"@type\":\"SearchAction\",\"target\":{\"@type\":\"EntryPoint\",\"urlTemplate\":\"https:\\\/\\\/gosec.net\\\/fr\\\/?s={search_term_string}\"},\"query-input\":{\"@type\":\"PropertyValueSpecification\",\"valueRequired\":true,\"valueName\":\"search_term_string\"}}],\"inLanguage\":\"fr-FR\"},{\"@type\":\"Organization\",\"@id\":\"https:\\\/\\\/gosec.net\\\/fr\\\/#organization\",\"name\":\"GoSec\",\"url\":\"https:\\\/\\\/gosec.net\\\/fr\\\/\",\"logo\":{\"@type\":\"ImageObject\",\"inLanguage\":\"fr-FR\",\"@id\":\"https:\\\/\\\/gosec.net\\\/fr\\\/#\\\/schema\\\/logo\\\/image\\\/\",\"url\":\"https:\\\/\\\/gosec.net\\\/wp-content\\\/uploads\\\/GoSec24-color.png\",\"contentUrl\":\"https:\\\/\\\/gosec.net\\\/wp-content\\\/uploads\\\/GoSec24-color.png\",\"width\":2000,\"height\":800,\"caption\":\"GoSec\"},\"image\":{\"@id\":\"https:\\\/\\\/gosec.net\\\/fr\\\/#\\\/schema\\\/logo\\\/image\\\/\"},\"sameAs\":[\"https:\\\/\\\/x.com\\\/GoSec\",\"https:\\\/\\\/www.linkedin.com\\\/company\\\/gosec22-conference\\\/\"]}]}<\/script>\n<!-- \/ Yoast SEO plugin. -->","yoast_head_json":{"title":"NOUVEAU Plan de Partenariat - GoSec","robots":{"index":"index","follow":"follow","max-snippet":"max-snippet:-1","max-image-preview":"max-image-preview:large","max-video-preview":"max-video-preview:-1"},"canonical":"https:\/\/gosec.net\/fr\/new-plan-de-partenariat\/","og_locale":"fr_FR","og_type":"article","og_title":"NOUVEAU Plan de Partenariat - GoSec","og_description":"Participez \u00e0 la 17e \u00e9dition de GoSec - Plus de d\u00e9tails \u00e0 venir!","og_url":"https:\/\/gosec.net\/fr\/new-plan-de-partenariat\/","og_site_name":"GoSec","article_modified_time":"2026-01-06T18:09:36+00:00","twitter_card":"summary_large_image","twitter_site":"@GoSec","twitter_misc":{"Dur\u00e9e de lecture estim\u00e9e":"1 minute"},"schema":{"@context":"https:\/\/schema.org","@graph":[{"@type":"WebPage","@id":"https:\/\/gosec.net\/fr\/new-plan-de-partenariat\/","url":"https:\/\/gosec.net\/fr\/new-plan-de-partenariat\/","name":"NOUVEAU Plan de Partenariat - GoSec","isPartOf":{"@id":"https:\/\/gosec.net\/fr\/#website"},"datePublished":"2026-01-06T17:52:33+00:00","dateModified":"2026-01-06T18:09:36+00:00","breadcrumb":{"@id":"https:\/\/gosec.net\/fr\/new-plan-de-partenariat\/#breadcrumb"},"inLanguage":"fr-FR","potentialAction":[{"@type":"ReadAction","target":["https:\/\/gosec.net\/fr\/new-plan-de-partenariat\/"]}]},{"@type":"BreadcrumbList","@id":"https:\/\/gosec.net\/fr\/new-plan-de-partenariat\/#breadcrumb","itemListElement":[{"@type":"ListItem","position":1,"name":"Home","item":"https:\/\/gosec.net\/fr\/"},{"@type":"ListItem","position":2,"name":"NOUVEAU Plan de Partenariat"}]},{"@type":"WebSite","@id":"https:\/\/gosec.net\/fr\/#website","url":"https:\/\/gosec.net\/fr\/","name":"GoSec","description":"Together, let\u2019s inspire, educate, and shape the future of cybersecurity","publisher":{"@id":"https:\/\/gosec.net\/fr\/#organization"},"potentialAction":[{"@type":"SearchAction","target":{"@type":"EntryPoint","urlTemplate":"https:\/\/gosec.net\/fr\/?s={search_term_string}"},"query-input":{"@type":"PropertyValueSpecification","valueRequired":true,"valueName":"search_term_string"}}],"inLanguage":"fr-FR"},{"@type":"Organization","@id":"https:\/\/gosec.net\/fr\/#organization","name":"GoSec","url":"https:\/\/gosec.net\/fr\/","logo":{"@type":"ImageObject","inLanguage":"fr-FR","@id":"https:\/\/gosec.net\/fr\/#\/schema\/logo\/image\/","url":"https:\/\/gosec.net\/wp-content\/uploads\/GoSec24-color.png","contentUrl":"https:\/\/gosec.net\/wp-content\/uploads\/GoSec24-color.png","width":2000,"height":800,"caption":"GoSec"},"image":{"@id":"https:\/\/gosec.net\/fr\/#\/schema\/logo\/image\/"},"sameAs":["https:\/\/x.com\/GoSec","https:\/\/www.linkedin.com\/company\/gosec22-conference\/"]}]}},"ticketed":false,"_links":{"self":[{"href":"https:\/\/gosec.net\/fr\/wp-json\/wp\/v2\/pages\/11746","targetHints":{"allow":["GET"]}}],"collection":[{"href":"https:\/\/gosec.net\/fr\/wp-json\/wp\/v2\/pages"}],"about":[{"href":"https:\/\/gosec.net\/fr\/wp-json\/wp\/v2\/types\/page"}],"author":[{"embeddable":true,"href":"https:\/\/gosec.net\/fr\/wp-json\/wp\/v2\/users\/23"}],"replies":[{"embeddable":true,"href":"https:\/\/gosec.net\/fr\/wp-json\/wp\/v2\/comments?post=11746"}],"version-history":[{"count":16,"href":"https:\/\/gosec.net\/fr\/wp-json\/wp\/v2\/pages\/11746\/revisions"}],"predecessor-version":[{"id":11774,"href":"https:\/\/gosec.net\/fr\/wp-json\/wp\/v2\/pages\/11746\/revisions\/11774"}],"wp:attachment":[{"href":"https:\/\/gosec.net\/fr\/wp-json\/wp\/v2\/media?parent=11746"}],"curies":[{"name":"wp","href":"https:\/\/api.w.org\/{rel}","templated":true}]}}