{"id":11959,"date":"2026-03-11T13:31:51","date_gmt":"2026-03-11T17:31:51","guid":{"rendered":"https:\/\/gosec.net\/?page_id=11959"},"modified":"2026-03-11T13:31:52","modified_gmt":"2026-03-11T17:31:52","slug":"code-promo","status":"publish","type":"page","link":"https:\/\/gosec.net\/fr\/code-promo\/","title":{"rendered":"Code Promo"},"content":{"rendered":"<p>[et_pb_section fb_built=\u00a0\u00bb1&Prime; fullwidth=\u00a0\u00bbon\u00a0\u00bb admin_label=\u00a0\u00bbHeader\u00a0\u00bb _builder_version=\u00a0\u00bb4.20.2&Prime; _module_preset=\u00a0\u00bbdefault\u00a0\u00bb collapsed=\u00a0\u00bbon\u00a0\u00bb global_colors_info=\u00a0\u00bb{}\u00a0\u00bb][et_pb_fullwidth_header title=\u00a0\u00bbCODE PROMO\u00a0\u00bb _builder_version=\u00a0\u00bb4.27.5&Prime; _module_preset=\u00a0\u00bbdefault\u00a0\u00bb title_font=\u00a0\u00bbMontserrat|700||on|||||\u00a0\u00bb title_text_align=\u00a0\u00bbcenter\u00a0\u00bb title_text_color=\u00a0\u00bb#ffffff\u00a0\u00bb title_font_size=\u00a0\u00bb60px\u00a0\u00bb subhead_font=\u00a0\u00bbRaleway|600|||||||\u00a0\u00bb subhead_text_align=\u00a0\u00bbcenter\u00a0\u00bb subhead_text_color=\u00a0\u00bb#ffffff\u00a0\u00bb subhead_font_size=\u00a0\u00bb60px\u00a0\u00bb background_enable_color=\u00a0\u00bboff\u00a0\u00bb use_background_color_gradient=\u00a0\u00bbon\u00a0\u00bb background_color_gradient_type=\u00a0\u00bbcircular\u00a0\u00bb background_color_gradient_direction_radial=\u00a0\u00bbright\u00a0\u00bb background_color_gradient_stops=\u00a0\u00bb#ffffff 0%|#aaaaaa 100%\u00a0\u00bb background_color_gradient_start=\u00a0\u00bb#ffffff\u00a0\u00bb background_color_gradient_end=\u00a0\u00bb#aaaaaa\u00a0\u00bb background_image=\u00a0\u00bbhttps:\/\/gosec.net\/wp-content\/uploads\/GoSec_2022_Banner_color_digital-waves_NoLogo_x800_2.jpg\u00a0\u00bb background_position=\u00a0\u00bbcenter_right\u00a0\u00bb min_height=\u00a0\u00bb200px\u00a0\u00bb custom_css_title=\u00a0\u00bbpadding-bottom:20px;\u00a0\u00bb custom_css_subtitle=\u00a0\u00bbpadding-bottom:20px;\u00a0\u00bb subhead_text_shadow_style=\u00a0\u00bbpreset1&Prime; subhead_text_shadow_color=\u00a0\u00bbrgba(0,0,0,0.6)\u00a0\u00bb global_colors_info=\u00a0\u00bb{}\u00a0\u00bb][\/et_pb_fullwidth_header][\/et_pb_section][et_pb_section fb_built=\u00a0\u00bb1&Prime; _builder_version=\u00a0\u00bb4.27.5&Prime; _module_preset=\u00a0\u00bbdefault\u00a0\u00bb global_colors_info=\u00a0\u00bb{}\u00a0\u00bb][et_pb_row _builder_version=\u00a0\u00bb4.27.5&Prime; _module_preset=\u00a0\u00bbdefault\u00a0\u00bb global_colors_info=\u00a0\u00bb{}\u00a0\u00bb][et_pb_column type=\u00a0\u00bb4_4&Prime; _builder_version=\u00a0\u00bb4.27.5&Prime; _module_preset=\u00a0\u00bbdefault\u00a0\u00bb global_colors_info=\u00a0\u00bb{}\u00a0\u00bb][et_pb_cta title=\u00a0\u00bbCODE PROMO GOSEC 2026&Prime; button_text=\u00a0\u00bbClick Here\u00a0\u00bb _builder_version=\u00a0\u00bb4.27.5&Prime; _module_preset=\u00a0\u00bbdefault\u00a0\u00bb custom_padding=\u00a0\u00bb||9px|||\u00a0\u00bb global_colors_info=\u00a0\u00bb{}\u00a0\u00bb]<\/p>\n<h1 style=\"text-align: center;font-size:60px\"><strong>G26X30OFF!<\/strong><\/h1>\n<p>[\/et_pb_cta][\/et_pb_column][\/et_pb_row][et_pb_row _builder_version=\u00a0\u00bb4.27.5&Prime; _module_preset=\u00a0\u00bbdefault\u00a0\u00bb custom_padding=\u00a0\u00bb||35px|||\u00a0\u00bb global_colors_info=\u00a0\u00bb{}\u00a0\u00bb][et_pb_column type=\u00a0\u00bb4_4&Prime; _builder_version=\u00a0\u00bb4.27.5&Prime; _module_preset=\u00a0\u00bbdefault\u00a0\u00bb global_colors_info=\u00a0\u00bb{}\u00a0\u00bb][et_pb_cta _builder_version=\u00a0\u00bb4.27.5&Prime; _module_preset=\u00a0\u00bbdefault\u00a0\u00bb background_color=\u00a0\u00bb#464646&Prime; min_height=\u00a0\u00bb104.5px\u00a0\u00bb custom_padding=\u00a0\u00bb||13px|||\u00a0\u00bb global_colors_info=\u00a0\u00bb{}\u00a0\u00bb]<\/p>\n<h6 style=\"text-align: center;\"><strong data-start=\"0\" data-end=\"95\">Utilisez ce code promotionnel pour obtenir 30 % de rabais sur votre billet pour GOSec 2026.<\/strong><br data-start=\"95\" data-end=\"98\" \/>Ne manquez pas l\u2019occasion de rejoindre la communaut\u00e9 de la cybers\u00e9curit\u00e9 \u00e0 prix r\u00e9duit.<\/h6>\n<p>[\/et_pb_cta][\/et_pb_column][\/et_pb_row][\/et_pb_section][et_pb_section fb_built=\u00a0\u00bb1&Prime; _builder_version=\u00a0\u00bb4.27.5&Prime; _module_preset=\u00a0\u00bbdefault\u00a0\u00bb global_colors_info=\u00a0\u00bb{}\u00a0\u00bb][et_pb_row _builder_version=\u00a0\u00bb4.27.5&Prime; _module_preset=\u00a0\u00bbdefault\u00a0\u00bb global_colors_info=\u00a0\u00bb{}\u00a0\u00bb][et_pb_column type=\u00a0\u00bb4_4&Prime; _builder_version=\u00a0\u00bb4.27.5&Prime; _module_preset=\u00a0\u00bbdefault\u00a0\u00bb global_colors_info=\u00a0\u00bb{}\u00a0\u00bb][et_pb_image _builder_version=\u00a0\u00bb4.27.5&Prime; _module_preset=\u00a0\u00bbdefault\u00a0\u00bb global_colors_info=\u00a0\u00bb{}\u00a0\u00bb][\/et_pb_image][\/et_pb_column][\/et_pb_row][\/et_pb_section]<\/p>\n","protected":false},"excerpt":{"rendered":"<p>G26X30OFF!Utilisez ce code promotionnel pour obtenir 30 % de rabais sur votre billet pour GOSec 2026.Ne manquez pas l\u2019occasion de rejoindre la communaut\u00e9 de la cybers\u00e9curit\u00e9 \u00e0 prix r\u00e9duit.<\/p>\n","protected":false},"author":32,"featured_media":0,"parent":0,"menu_order":0,"comment_status":"closed","ping_status":"closed","template":"","meta":{"_et_pb_use_builder":"on","_et_pb_old_content":"","_et_gb_content_width":"","_price":"","_stock":"","_tribe_ticket_header":"","_tribe_default_ticket_provider":"Tribe__Tickets_Plus__Commerce__WooCommerce__Main","_tribe_ticket_capacity":"0","_ticket_start_date":"","_ticket_end_date":"","_tribe_ticket_show_description":"","_tribe_ticket_show_not_going":false,"_tribe_ticket_use_global_stock":"","_tribe_ticket_global_stock_level":"","_global_stock_mode":"","_global_stock_cap":"","_tribe_rsvp_for_event":"","_tribe_ticket_going_count":"","_tribe_ticket_not_going_count":"","_tribe_tickets_list":"[]","_tribe_ticket_has_attendee_info_fields":false,"footnotes":"","_tec_slr_enabled":"","_tec_slr_layout":""},"class_list":["post-11959","page","type-page","status-publish","hentry"],"yoast_head":"<!-- This site is optimized with the Yoast SEO plugin v27.5 - https:\/\/yoast.com\/product\/yoast-seo-wordpress\/ -->\n<title>Code Promo - GoSec<\/title>\n<meta name=\"robots\" content=\"index, follow, max-snippet:-1, max-image-preview:large, max-video-preview:-1\" \/>\n<link rel=\"canonical\" href=\"https:\/\/gosec.net\/fr\/code-promo\/\" \/>\n<meta property=\"og:locale\" content=\"fr_FR\" \/>\n<meta property=\"og:type\" content=\"article\" \/>\n<meta property=\"og:title\" content=\"Code Promo - GoSec\" \/>\n<meta property=\"og:description\" content=\"Participez \u00e0 la 17e \u00e9dition de GoSec - Plus de d\u00e9tails \u00e0 venir!\" \/>\n<meta property=\"og:url\" content=\"https:\/\/gosec.net\/fr\/code-promo\/\" \/>\n<meta property=\"og:site_name\" content=\"GoSec\" \/>\n<meta property=\"article:modified_time\" content=\"2026-03-11T17:31:52+00:00\" \/>\n<meta name=\"twitter:card\" content=\"summary_large_image\" \/>\n<meta name=\"twitter:site\" content=\"@GoSec\" \/>\n<meta name=\"twitter:label1\" content=\"Dur\u00e9e de lecture estim\u00e9e\" \/>\n\t<meta name=\"twitter:data1\" content=\"1 minute\" \/>\n<script type=\"application\/ld+json\" class=\"yoast-schema-graph\">{\"@context\":\"https:\\\/\\\/schema.org\",\"@graph\":[{\"@type\":\"WebPage\",\"@id\":\"https:\\\/\\\/gosec.net\\\/fr\\\/code-promo\\\/\",\"url\":\"https:\\\/\\\/gosec.net\\\/fr\\\/code-promo\\\/\",\"name\":\"Code Promo - GoSec\",\"isPartOf\":{\"@id\":\"https:\\\/\\\/gosec.net\\\/fr\\\/#website\"},\"datePublished\":\"2026-03-11T17:31:51+00:00\",\"dateModified\":\"2026-03-11T17:31:52+00:00\",\"breadcrumb\":{\"@id\":\"https:\\\/\\\/gosec.net\\\/fr\\\/code-promo\\\/#breadcrumb\"},\"inLanguage\":\"fr-FR\",\"potentialAction\":[{\"@type\":\"ReadAction\",\"target\":[\"https:\\\/\\\/gosec.net\\\/fr\\\/code-promo\\\/\"]}]},{\"@type\":\"BreadcrumbList\",\"@id\":\"https:\\\/\\\/gosec.net\\\/fr\\\/code-promo\\\/#breadcrumb\",\"itemListElement\":[{\"@type\":\"ListItem\",\"position\":1,\"name\":\"Home\",\"item\":\"https:\\\/\\\/gosec.net\\\/fr\\\/\"},{\"@type\":\"ListItem\",\"position\":2,\"name\":\"Code Promo\"}]},{\"@type\":\"WebSite\",\"@id\":\"https:\\\/\\\/gosec.net\\\/fr\\\/#website\",\"url\":\"https:\\\/\\\/gosec.net\\\/fr\\\/\",\"name\":\"GoSec\",\"description\":\"Together, let\u2019s inspire, educate, and shape the future of cybersecurity\",\"publisher\":{\"@id\":\"https:\\\/\\\/gosec.net\\\/fr\\\/#organization\"},\"potentialAction\":[{\"@type\":\"SearchAction\",\"target\":{\"@type\":\"EntryPoint\",\"urlTemplate\":\"https:\\\/\\\/gosec.net\\\/fr\\\/?s={search_term_string}\"},\"query-input\":{\"@type\":\"PropertyValueSpecification\",\"valueRequired\":true,\"valueName\":\"search_term_string\"}}],\"inLanguage\":\"fr-FR\"},{\"@type\":\"Organization\",\"@id\":\"https:\\\/\\\/gosec.net\\\/fr\\\/#organization\",\"name\":\"GoSec\",\"url\":\"https:\\\/\\\/gosec.net\\\/fr\\\/\",\"logo\":{\"@type\":\"ImageObject\",\"inLanguage\":\"fr-FR\",\"@id\":\"https:\\\/\\\/gosec.net\\\/fr\\\/#\\\/schema\\\/logo\\\/image\\\/\",\"url\":\"https:\\\/\\\/gosec.net\\\/wp-content\\\/uploads\\\/GoSec24-color.png\",\"contentUrl\":\"https:\\\/\\\/gosec.net\\\/wp-content\\\/uploads\\\/GoSec24-color.png\",\"width\":2000,\"height\":800,\"caption\":\"GoSec\"},\"image\":{\"@id\":\"https:\\\/\\\/gosec.net\\\/fr\\\/#\\\/schema\\\/logo\\\/image\\\/\"},\"sameAs\":[\"https:\\\/\\\/x.com\\\/GoSec\",\"https:\\\/\\\/www.linkedin.com\\\/company\\\/gosec22-conference\\\/\"]}]}<\/script>\n<!-- \/ Yoast SEO plugin. -->","yoast_head_json":{"title":"Code Promo - GoSec","robots":{"index":"index","follow":"follow","max-snippet":"max-snippet:-1","max-image-preview":"max-image-preview:large","max-video-preview":"max-video-preview:-1"},"canonical":"https:\/\/gosec.net\/fr\/code-promo\/","og_locale":"fr_FR","og_type":"article","og_title":"Code Promo - GoSec","og_description":"Participez \u00e0 la 17e \u00e9dition de GoSec - Plus de d\u00e9tails \u00e0 venir!","og_url":"https:\/\/gosec.net\/fr\/code-promo\/","og_site_name":"GoSec","article_modified_time":"2026-03-11T17:31:52+00:00","twitter_card":"summary_large_image","twitter_site":"@GoSec","twitter_misc":{"Dur\u00e9e de lecture estim\u00e9e":"1 minute"},"schema":{"@context":"https:\/\/schema.org","@graph":[{"@type":"WebPage","@id":"https:\/\/gosec.net\/fr\/code-promo\/","url":"https:\/\/gosec.net\/fr\/code-promo\/","name":"Code Promo - GoSec","isPartOf":{"@id":"https:\/\/gosec.net\/fr\/#website"},"datePublished":"2026-03-11T17:31:51+00:00","dateModified":"2026-03-11T17:31:52+00:00","breadcrumb":{"@id":"https:\/\/gosec.net\/fr\/code-promo\/#breadcrumb"},"inLanguage":"fr-FR","potentialAction":[{"@type":"ReadAction","target":["https:\/\/gosec.net\/fr\/code-promo\/"]}]},{"@type":"BreadcrumbList","@id":"https:\/\/gosec.net\/fr\/code-promo\/#breadcrumb","itemListElement":[{"@type":"ListItem","position":1,"name":"Home","item":"https:\/\/gosec.net\/fr\/"},{"@type":"ListItem","position":2,"name":"Code Promo"}]},{"@type":"WebSite","@id":"https:\/\/gosec.net\/fr\/#website","url":"https:\/\/gosec.net\/fr\/","name":"GoSec","description":"Together, let\u2019s inspire, educate, and shape the future of cybersecurity","publisher":{"@id":"https:\/\/gosec.net\/fr\/#organization"},"potentialAction":[{"@type":"SearchAction","target":{"@type":"EntryPoint","urlTemplate":"https:\/\/gosec.net\/fr\/?s={search_term_string}"},"query-input":{"@type":"PropertyValueSpecification","valueRequired":true,"valueName":"search_term_string"}}],"inLanguage":"fr-FR"},{"@type":"Organization","@id":"https:\/\/gosec.net\/fr\/#organization","name":"GoSec","url":"https:\/\/gosec.net\/fr\/","logo":{"@type":"ImageObject","inLanguage":"fr-FR","@id":"https:\/\/gosec.net\/fr\/#\/schema\/logo\/image\/","url":"https:\/\/gosec.net\/wp-content\/uploads\/GoSec24-color.png","contentUrl":"https:\/\/gosec.net\/wp-content\/uploads\/GoSec24-color.png","width":2000,"height":800,"caption":"GoSec"},"image":{"@id":"https:\/\/gosec.net\/fr\/#\/schema\/logo\/image\/"},"sameAs":["https:\/\/x.com\/GoSec","https:\/\/www.linkedin.com\/company\/gosec22-conference\/"]}]}},"ticketed":false,"_links":{"self":[{"href":"https:\/\/gosec.net\/fr\/wp-json\/wp\/v2\/pages\/11959","targetHints":{"allow":["GET"]}}],"collection":[{"href":"https:\/\/gosec.net\/fr\/wp-json\/wp\/v2\/pages"}],"about":[{"href":"https:\/\/gosec.net\/fr\/wp-json\/wp\/v2\/types\/page"}],"author":[{"embeddable":true,"href":"https:\/\/gosec.net\/fr\/wp-json\/wp\/v2\/users\/32"}],"replies":[{"embeddable":true,"href":"https:\/\/gosec.net\/fr\/wp-json\/wp\/v2\/comments?post=11959"}],"version-history":[{"count":5,"href":"https:\/\/gosec.net\/fr\/wp-json\/wp\/v2\/pages\/11959\/revisions"}],"predecessor-version":[{"id":11984,"href":"https:\/\/gosec.net\/fr\/wp-json\/wp\/v2\/pages\/11959\/revisions\/11984"}],"wp:attachment":[{"href":"https:\/\/gosec.net\/fr\/wp-json\/wp\/v2\/media?parent=11959"}],"curies":[{"name":"wp","href":"https:\/\/api.w.org\/{rel}","templated":true}]}}