{"id":2045,"date":"2020-08-27T20:47:24","date_gmt":"2020-08-28T00:47:24","guid":{"rendered":"https:\/\/www.gosec.net\/a-propos\/"},"modified":"2026-01-06T12:35:41","modified_gmt":"2026-01-06T17:35:41","slug":"a-propos","status":"publish","type":"page","link":"https:\/\/gosec.net\/fr\/a-propos\/","title":{"rendered":"\u00c0 PROPOS"},"content":{"rendered":"<p>[et_pb_section fb_built=\u00a0\u00bb1&Prime; fullwidth=\u00a0\u00bbon\u00a0\u00bb admin_label=\u00a0\u00bbHeader\u00a0\u00bb _builder_version=\u00a0\u00bb4.20.2&Prime; _module_preset=\u00a0\u00bbdefault\u00a0\u00bb collapsed=\u00a0\u00bbon\u00a0\u00bb global_colors_info=\u00a0\u00bb{}\u00a0\u00bb][et_pb_fullwidth_header title=\u00a0\u00bb\u00c0 PROPOS\u00a0\u00bb _builder_version=\u00a0\u00bb4.20.2&Prime; _module_preset=\u00a0\u00bbdefault\u00a0\u00bb title_font=\u00a0\u00bbMontserrat|700||on|||||\u00a0\u00bb title_text_align=\u00a0\u00bbcenter\u00a0\u00bb title_text_color=\u00a0\u00bb#ffffff\u00a0\u00bb title_font_size=\u00a0\u00bb60px\u00a0\u00bb subhead_font=\u00a0\u00bbRaleway|600|||||||\u00a0\u00bb subhead_text_align=\u00a0\u00bbcenter\u00a0\u00bb subhead_text_color=\u00a0\u00bb#ffffff\u00a0\u00bb subhead_font_size=\u00a0\u00bb60px\u00a0\u00bb background_enable_color=\u00a0\u00bboff\u00a0\u00bb use_background_color_gradient=\u00a0\u00bbon\u00a0\u00bb background_color_gradient_type=\u00a0\u00bbcircular\u00a0\u00bb background_color_gradient_direction_radial=\u00a0\u00bbright\u00a0\u00bb background_color_gradient_stops=\u00a0\u00bb#ffffff 0%|#aaaaaa 100%\u00a0\u00bb background_color_gradient_start=\u00a0\u00bb#ffffff\u00a0\u00bb background_color_gradient_end=\u00a0\u00bb#aaaaaa\u00a0\u00bb background_image=\u00a0\u00bbhttps:\/\/gosec.net\/wp-content\/uploads\/GoSec_2022_Banner_color_digital-waves_NoLogo_x800_2.jpg\u00a0\u00bb background_position=\u00a0\u00bbcenter_right\u00a0\u00bb min_height=\u00a0\u00bb200px\u00a0\u00bb custom_css_title=\u00a0\u00bbpadding-bottom:20px;\u00a0\u00bb custom_css_subtitle=\u00a0\u00bbpadding-bottom:20px;\u00a0\u00bb subhead_text_shadow_style=\u00a0\u00bbpreset1&Prime; subhead_text_shadow_color=\u00a0\u00bbrgba(0,0,0,0.6)\u00a0\u00bb global_colors_info=\u00a0\u00bb{}\u00a0\u00bb][\/et_pb_fullwidth_header][\/et_pb_section][et_pb_section fb_built=\u00a0\u00bb1&Prime; admin_label=\u00a0\u00bbSection\u00a0\u00bb _builder_version=\u00a0\u00bb4.16&Prime; _module_preset=\u00a0\u00bbdefault\u00a0\u00bb custom_padding=\u00a0\u00bb||||false|false\u00a0\u00bb collapsed=\u00a0\u00bboff\u00a0\u00bb global_colors_info=\u00a0\u00bb{}\u00a0\u00bb][et_pb_row column_structure=\u00a0\u00bb2_3,1_3&Prime; _builder_version=\u00a0\u00bb4.16&Prime; _module_preset=\u00a0\u00bbdefault\u00a0\u00bb min_height=\u00a0\u00bb570px\u00a0\u00bb collapsed=\u00a0\u00bboff\u00a0\u00bb global_colors_info=\u00a0\u00bb{}\u00a0\u00bb][et_pb_column type=\u00a0\u00bb2_3&Prime; _builder_version=\u00a0\u00bb4.16&Prime; _module_preset=\u00a0\u00bbdefault\u00a0\u00bb global_colors_info=\u00a0\u00bb{}\u00a0\u00bb][et_pb_text _builder_version=\u00a0\u00bb4.27.0&Prime; _module_preset=\u00a0\u00bbdefault\u00a0\u00bb text_font=\u00a0\u00bbMontserrat||||||||\u00a0\u00bb text_font_size=\u00a0\u00bb15px\u00a0\u00bb header_font=\u00a0\u00bbMontserrat|||on|||||\u00a0\u00bb header_font_size=\u00a0\u00bb28px\u00a0\u00bb text_orientation=\u00a0\u00bbjustified\u00a0\u00bb global_colors_info=\u00a0\u00bb{}\u00a0\u00bb]<\/p>\n<h1><strong>GOSEC: VOTRE DESTINATION DE CYBERS\u00c9CURIT\u00c9<\/strong><\/h1>\n<p><\/p>\n<p>&nbsp;<\/p>\n<p><\/p>\n<p>Depuis plus de 20 ans, GoSec r\u00e9unit le meilleur des experts en cybers\u00e9curit\u00e9 de divers secteurs afin d\u2019encourager le partage de connaissances, les discussions, la formation et le d\u00e9veloppement de votre r\u00e9seau de contacts qui renforcent la communaut\u00e9 de la cybers\u00e9curit\u00e9.<\/p>\n<p><\/p>\n<p>Notre objectif est de mobiliser tous les professionnels de la cybers\u00e9curit\u00e9 vers un but commun : l\u2019am\u00e9lioration constante de notre domaine.<\/p>\n<p><\/p>\n<p>GoSec rassemble plus de <strong>1500 participants<\/strong> sur deux jours passionnants. Avec une liste impressionnante de plus de <strong>50 conf\u00e9renciers renomm\u00e9s<\/strong> et <strong>40 sessions<\/strong> couvrant les derni\u00e8res tendances et les d\u00e9fis \u00e9mergents en mati\u00e8re de cybers\u00e9curit\u00e9, notre programme aborde une diversit\u00e9 de sujets cl\u00e9s, tels que : <\/p>\n<p><\/p>\n<ul>\n<li>Gestion des risques et gouvernance<\/li>\n<li>Analyses, intelligence et r\u00e9ponse<\/li>\n<li>S\u00e9curit\u00e9 infonuagique (cloud) et op\u00e9rations de s\u00e9curit\u00e9 cloud<\/li>\n<li>D\u00e9veloppement de la s\u00e9curit\u00e9 des op\u00e9rations (DevSecOps)<\/li>\n<li>Pirates informatiques, menaces et gestion des vuln\u00e9rabilit\u00e9s<\/li>\n<li>S\u00e9curit\u00e9 des donn\u00e9es, confidentialit\u00e9 et l\u00e9gislation<\/li>\n<li>Op\u00e9rations et services de s\u00e9curit\u00e9<\/li>\n<li>Gestion des identit\u00e9s et des acc\u00e8s<\/li>\n<li>Apprentissage automatique et intelligence artificielle<\/li>\n<li>\u2026 et bien d\u2019autres sujets innovants<\/li>\n<\/ul>\n<p><\/p>\n<p>Chaque ann\u00e9e, notre engagement envers l\u2019excellence du contenu se traduit par la pr\u00e9sentation de <strong>6 conf\u00e9rences principales<\/strong> anim\u00e9es par les personnalit\u00e9s les plus \u00e9minentes et respect\u00e9es de notre domaine. Ces pr\u00e9sentations offrent des perspectives uniques et des id\u00e9es novatrices, enrichissant ainsi votre r\u00e9flexion et votre expertise en mati\u00e8re de cybers\u00e9curit\u00e9.<\/p>\n<p><\/p>\n<p>Notre <strong>\u00e9v\u00e9nement hybride<\/strong> r\u00e9volutionnaire fusionne avec ing\u00e9niosit\u00e9 les atouts du monde virtuel et physique, cr\u00e9ant ainsi une exp\u00e9rience captivante et novatrice. En combinant la flexibilit\u00e9 et la port\u00e9e illimit\u00e9e du monde virtuel avec l\u2019authenticit\u00e9 et l\u2019interaction humaine du monde physique, nous offrons une exp\u00e9rience v\u00e9ritablement immersive et enrichissante, adapt\u00e9e \u00e0 tous les participants, o\u00f9 qu\u2019ils se trouvent.<\/p>\n<p><\/p>\n<p>En plus d\u2019\u00eatre un \u00e9v\u00e9nement majeur dans le domaine de la cybers\u00e9curit\u00e9, GoSec offre une occasion unique de d\u00e9couvrir tout ce que la magnifique ville de Montr\u00e9al a \u00e0 offrir. Montr\u00e9al, avec son m\u00e9lange dynamique de cultures, sa sc\u00e8ne culinaire renomm\u00e9e et son ambiance vibrante, transcende largement le simple cadre de notre \u00e9v\u00e9nement. C\u2019est une destination qui saura captiver l\u2019int\u00e9r\u00eat de tous.<\/p>\n<p><\/p>\n<p>Pour am\u00e9liorer votre exp\u00e9rience, nous vous recommandons de s\u00e9journer \u00e0 l&rsquo;<a href=\"https:\/\/www.googleadservices.com\/pagead\/aclk?sa=L&amp;ai=DChcSEwio-6Gv-PeHAxWIRv8BHaqcFnkYABACGgJtZA&amp;co=1&amp;ase=2&amp;gclid=Cj0KCQjwzva1BhD3ARIsADQuPnXqEAsrDfbRQfqXDzPjbUItEbOlhvGLnc7Exo5DytKRBR600VrOEEsaAsypEALw_wcB&amp;ohost=www.google.com&amp;cid=CAESV-D2gZZKLFdCXJV_5TylrVBdbtG_IOXub5Kl35j8zZuMFoyJ1EDESiGzY4yirl_SoOZPFelX-W1BMBm5gbVOHa2Dfo-Pw68lwGEMMXcIFaq4kmU1ir7nJg&amp;sig=AOD64_3vQL_K9wSERZY7fJRP-jDmQP2zMw&amp;q&amp;nis=4&amp;adurl&amp;ved=2ahUKEwiHmJuv-PeHAxWatokEHWSHIoAQ0Qx6BAgVEAE\">H\u00f4tel Monville<\/a>, l&rsquo;h\u00f4tel pr\u00e9f\u00e9r\u00e9 des participants au GoSec. Situ\u00e9 au c\u0153ur de Montr\u00e9al, l&rsquo;H\u00f4tel Monville propose des \u00e9quipements modernes et un emplacement pratique pour que votre visite soit aussi agr\u00e9able qu&rsquo;instructive.<\/p>\n<p><\/p>\n<p><strong>Ensemble, inspirons, \u00e9duquons et fa\u00e7onnons l\u2019avenir de la cybers\u00e9curit\u00e9.<\/strong><\/p>\n<p>[\/et_pb_text][\/et_pb_column][et_pb_column type=\u00a0\u00bb1_3&Prime; _builder_version=\u00a0\u00bb4.16&Prime; _module_preset=\u00a0\u00bbdefault\u00a0\u00bb global_colors_info=\u00a0\u00bb{}\u00a0\u00bb][et_pb_blurb title=\u00a0\u00bbEMPLACEMENT DE GOSEC\u00a0\u00bb use_icon=\u00a0\u00bbon\u00a0\u00bb font_icon=\u00a0\u00bb&#xf21d;||fa||900&Prime; icon_placement=\u00a0\u00bbleft\u00a0\u00bb image_icon_width=\u00a0\u00bb30px\u00a0\u00bb _builder_version=\u00a0\u00bb4.20.2&Prime; _module_preset=\u00a0\u00bbdefault\u00a0\u00bb header_level=\u00a0\u00bbh2&Prime; header_font=\u00a0\u00bbMontserrat|700|||||||\u00a0\u00bb header_font_size=\u00a0\u00bb19px\u00a0\u00bb body_font=\u00a0\u00bbMontserrat||||||||\u00a0\u00bb body_font_size=\u00a0\u00bb15px\u00a0\u00bb custom_padding=\u00a0\u00bb||||false|false\u00a0\u00bb animation=\u00a0\u00bboff\u00a0\u00bb icon_font_size=\u00a0\u00bb30px\u00a0\u00bb global_colors_info=\u00a0\u00bb{}\u00a0\u00bb]<strong>Palais des Congr\u00e8s de Montr\u00e9al<\/strong><br \/>201 Avenue Viger Ouest<br \/>Montr\u00e9al, QC H2Z 1X7<br \/>Canada<br \/>\n[\/et_pb_blurb][et_pb_blurb title=\u00a0\u00bbGOSEC ADRESSE POSTALE\u00a0\u00bb use_icon=\u00a0\u00bbon\u00a0\u00bb font_icon=\u00a0\u00bb&#xe0fd;||divi||400&Prime; icon_placement=\u00a0\u00bbleft\u00a0\u00bb image_icon_width=\u00a0\u00bb30px\u00a0\u00bb _builder_version=\u00a0\u00bb4.25.1&Prime; _module_preset=\u00a0\u00bbdefault\u00a0\u00bb header_level=\u00a0\u00bbh2&Prime; header_font=\u00a0\u00bbMontserrat|700|||||||\u00a0\u00bb header_font_size=\u00a0\u00bb18px\u00a0\u00bb body_font=\u00a0\u00bbMontserrat||||||||\u00a0\u00bb body_font_size=\u00a0\u00bb15px\u00a0\u00bb custom_padding=\u00a0\u00bb||||false|false\u00a0\u00bb animation=\u00a0\u00bboff\u00a0\u00bb icon_font_size=\u00a0\u00bb30px\u00a0\u00bb global_colors_info=\u00a0\u00bb{}\u00a0\u00bb]<span class=\"ui-provider a b c d e f g h i j k l m n o p q r s t u v w x y z ab ac ae af ag ah ai aj ak\" dir=\"ltr\">1275 Avenue des Canadiens-de-Montr\u00e9al<br \/>\nMontr\u00e9al, QC H3B 0G4, <\/span>Canada<br \/>\n[\/et_pb_blurb][et_pb_blurb use_icon=\u00a0\u00bbon\u00a0\u00bb font_icon=\u00a0\u00bb&#xe076;||divi||400&Prime; icon_placement=\u00a0\u00bbleft\u00a0\u00bb image_icon_width=\u00a0\u00bb30px\u00a0\u00bb _builder_version=\u00a0\u00bb4.20.2&Prime; _module_preset=\u00a0\u00bbdefault\u00a0\u00bb header_font=\u00a0\u00bbMontserrat||||||||\u00a0\u00bb body_font=\u00a0\u00bbMontserrat||||||||\u00a0\u00bb animation=\u00a0\u00bboff\u00a0\u00bb icon_font_size=\u00a0\u00bb30px\u00a0\u00bb global_colors_info=\u00a0\u00bb{}\u00a0\u00bb]<a href=\"mailto:gosec@gosec.net?subject=GoSec%20Information\" target=\"_blank\" rel=\"noopener noreferrer\">gosec@gosec.net<\/a><br \/>\n[\/et_pb_blurb][\/et_pb_column][\/et_pb_row][\/et_pb_section]<\/p>\n","protected":false},"excerpt":{"rendered":"<p>GoSec est anim\u00e9 par notre engagement envers la communaut\u00e9 de la cybers\u00e9curit\u00e9 et vise \u00e0 encourager le partage de contenu, les discussions, la formation et le d\u00e9veloppement de connexions. Notre objectif est de rassembler tous les professionnels de la cybers\u00e9curit\u00e9 pour am\u00e9liorer notre industrie.<\/p>\n","protected":false},"author":1,"featured_media":0,"parent":0,"menu_order":0,"comment_status":"closed","ping_status":"closed","template":"","meta":{"_et_pb_use_builder":"on","_et_pb_old_content":"","_et_gb_content_width":"","_price":"","_stock":"","_tribe_ticket_header":"","_tribe_default_ticket_provider":"Tribe__Tickets_Plus__Commerce__WooCommerce__Main","_tribe_ticket_capacity":"0","_ticket_start_date":"","_ticket_end_date":"","_tribe_ticket_show_description":"","_tribe_ticket_show_not_going":false,"_tribe_ticket_use_global_stock":"","_tribe_ticket_global_stock_level":"","_global_stock_mode":"","_global_stock_cap":"","_tribe_rsvp_for_event":"","_tribe_ticket_going_count":"","_tribe_ticket_not_going_count":"","_tribe_tickets_list":"[]","_tribe_ticket_has_attendee_info_fields":false,"footnotes":"","_tec_slr_enabled":"","_tec_slr_layout":""},"class_list":["post-2045","page","type-page","status-publish","hentry"],"yoast_head":"<!-- This site is optimized with the Yoast SEO plugin v27.4 - https:\/\/yoast.com\/product\/yoast-seo-wordpress\/ -->\n<title>\u00c0 PROPOS<\/title>\n<meta name=\"description\" content=\"GoSec rassemble les meilleurs experts en cybers\u00e9curit\u00e9 pour encourager le partage, les discussions, la formation et le d\u00e9veloppement du r\u00e9seau.\" \/>\n<meta name=\"robots\" content=\"index, follow, max-snippet:-1, max-image-preview:large, max-video-preview:-1\" \/>\n<link rel=\"canonical\" href=\"https:\/\/gosec.net\/fr\/a-propos\/\" \/>\n<meta property=\"og:locale\" content=\"fr_FR\" \/>\n<meta property=\"og:type\" content=\"article\" \/>\n<meta property=\"og:title\" content=\"\u00c0 PROPOS\" \/>\n<meta property=\"og:description\" content=\"GoSec rassemble les meilleurs experts en cybers\u00e9curit\u00e9 pour encourager le partage, les discussions, la formation et le d\u00e9veloppement du r\u00e9seau.\" \/>\n<meta property=\"og:url\" content=\"https:\/\/gosec.net\/fr\/a-propos\/\" \/>\n<meta property=\"og:site_name\" content=\"GoSec\" \/>\n<meta property=\"article:modified_time\" content=\"2026-01-06T17:35:41+00:00\" \/>\n<meta name=\"twitter:card\" content=\"summary_large_image\" \/>\n<meta name=\"twitter:site\" content=\"@GoSec\" \/>\n<meta name=\"twitter:label1\" content=\"Dur\u00e9e de lecture estim\u00e9e\" \/>\n\t<meta name=\"twitter:data1\" content=\"5 minutes\" \/>\n<script type=\"application\/ld+json\" class=\"yoast-schema-graph\">{\"@context\":\"https:\\\/\\\/schema.org\",\"@graph\":[{\"@type\":\"WebPage\",\"@id\":\"https:\\\/\\\/gosec.net\\\/fr\\\/a-propos\\\/\",\"url\":\"https:\\\/\\\/gosec.net\\\/fr\\\/a-propos\\\/\",\"name\":\"\u00c0 PROPOS\",\"isPartOf\":{\"@id\":\"https:\\\/\\\/gosec.net\\\/fr\\\/#website\"},\"datePublished\":\"2020-08-28T00:47:24+00:00\",\"dateModified\":\"2026-01-06T17:35:41+00:00\",\"description\":\"GoSec rassemble les meilleurs experts en cybers\u00e9curit\u00e9 pour encourager le partage, les discussions, la formation et le d\u00e9veloppement du r\u00e9seau.\",\"breadcrumb\":{\"@id\":\"https:\\\/\\\/gosec.net\\\/fr\\\/a-propos\\\/#breadcrumb\"},\"inLanguage\":\"fr-FR\",\"potentialAction\":[{\"@type\":\"ReadAction\",\"target\":[\"https:\\\/\\\/gosec.net\\\/fr\\\/a-propos\\\/\"]}]},{\"@type\":\"BreadcrumbList\",\"@id\":\"https:\\\/\\\/gosec.net\\\/fr\\\/a-propos\\\/#breadcrumb\",\"itemListElement\":[{\"@type\":\"ListItem\",\"position\":1,\"name\":\"Home\",\"item\":\"https:\\\/\\\/gosec.net\\\/fr\\\/\"},{\"@type\":\"ListItem\",\"position\":2,\"name\":\"\u00c0 PROPOS\"}]},{\"@type\":\"WebSite\",\"@id\":\"https:\\\/\\\/gosec.net\\\/fr\\\/#website\",\"url\":\"https:\\\/\\\/gosec.net\\\/fr\\\/\",\"name\":\"GoSec\",\"description\":\"Together, let\u2019s inspire, educate, and shape the future of cybersecurity\",\"publisher\":{\"@id\":\"https:\\\/\\\/gosec.net\\\/fr\\\/#organization\"},\"potentialAction\":[{\"@type\":\"SearchAction\",\"target\":{\"@type\":\"EntryPoint\",\"urlTemplate\":\"https:\\\/\\\/gosec.net\\\/fr\\\/?s={search_term_string}\"},\"query-input\":{\"@type\":\"PropertyValueSpecification\",\"valueRequired\":true,\"valueName\":\"search_term_string\"}}],\"inLanguage\":\"fr-FR\"},{\"@type\":\"Organization\",\"@id\":\"https:\\\/\\\/gosec.net\\\/fr\\\/#organization\",\"name\":\"GoSec\",\"url\":\"https:\\\/\\\/gosec.net\\\/fr\\\/\",\"logo\":{\"@type\":\"ImageObject\",\"inLanguage\":\"fr-FR\",\"@id\":\"https:\\\/\\\/gosec.net\\\/fr\\\/#\\\/schema\\\/logo\\\/image\\\/\",\"url\":\"https:\\\/\\\/gosec.net\\\/wp-content\\\/uploads\\\/GoSec24-color.png\",\"contentUrl\":\"https:\\\/\\\/gosec.net\\\/wp-content\\\/uploads\\\/GoSec24-color.png\",\"width\":2000,\"height\":800,\"caption\":\"GoSec\"},\"image\":{\"@id\":\"https:\\\/\\\/gosec.net\\\/fr\\\/#\\\/schema\\\/logo\\\/image\\\/\"},\"sameAs\":[\"https:\\\/\\\/x.com\\\/GoSec\",\"https:\\\/\\\/www.linkedin.com\\\/company\\\/gosec22-conference\\\/\"]}]}<\/script>\n<!-- \/ Yoast SEO plugin. -->","yoast_head_json":{"title":"\u00c0 PROPOS","description":"GoSec rassemble les meilleurs experts en cybers\u00e9curit\u00e9 pour encourager le partage, les discussions, la formation et le d\u00e9veloppement du r\u00e9seau.","robots":{"index":"index","follow":"follow","max-snippet":"max-snippet:-1","max-image-preview":"max-image-preview:large","max-video-preview":"max-video-preview:-1"},"canonical":"https:\/\/gosec.net\/fr\/a-propos\/","og_locale":"fr_FR","og_type":"article","og_title":"\u00c0 PROPOS","og_description":"GoSec rassemble les meilleurs experts en cybers\u00e9curit\u00e9 pour encourager le partage, les discussions, la formation et le d\u00e9veloppement du r\u00e9seau.","og_url":"https:\/\/gosec.net\/fr\/a-propos\/","og_site_name":"GoSec","article_modified_time":"2026-01-06T17:35:41+00:00","twitter_card":"summary_large_image","twitter_site":"@GoSec","twitter_misc":{"Dur\u00e9e de lecture estim\u00e9e":"5 minutes"},"schema":{"@context":"https:\/\/schema.org","@graph":[{"@type":"WebPage","@id":"https:\/\/gosec.net\/fr\/a-propos\/","url":"https:\/\/gosec.net\/fr\/a-propos\/","name":"\u00c0 PROPOS","isPartOf":{"@id":"https:\/\/gosec.net\/fr\/#website"},"datePublished":"2020-08-28T00:47:24+00:00","dateModified":"2026-01-06T17:35:41+00:00","description":"GoSec rassemble les meilleurs experts en cybers\u00e9curit\u00e9 pour encourager le partage, les discussions, la formation et le d\u00e9veloppement du r\u00e9seau.","breadcrumb":{"@id":"https:\/\/gosec.net\/fr\/a-propos\/#breadcrumb"},"inLanguage":"fr-FR","potentialAction":[{"@type":"ReadAction","target":["https:\/\/gosec.net\/fr\/a-propos\/"]}]},{"@type":"BreadcrumbList","@id":"https:\/\/gosec.net\/fr\/a-propos\/#breadcrumb","itemListElement":[{"@type":"ListItem","position":1,"name":"Home","item":"https:\/\/gosec.net\/fr\/"},{"@type":"ListItem","position":2,"name":"\u00c0 PROPOS"}]},{"@type":"WebSite","@id":"https:\/\/gosec.net\/fr\/#website","url":"https:\/\/gosec.net\/fr\/","name":"GoSec","description":"Together, let\u2019s inspire, educate, and shape the future of cybersecurity","publisher":{"@id":"https:\/\/gosec.net\/fr\/#organization"},"potentialAction":[{"@type":"SearchAction","target":{"@type":"EntryPoint","urlTemplate":"https:\/\/gosec.net\/fr\/?s={search_term_string}"},"query-input":{"@type":"PropertyValueSpecification","valueRequired":true,"valueName":"search_term_string"}}],"inLanguage":"fr-FR"},{"@type":"Organization","@id":"https:\/\/gosec.net\/fr\/#organization","name":"GoSec","url":"https:\/\/gosec.net\/fr\/","logo":{"@type":"ImageObject","inLanguage":"fr-FR","@id":"https:\/\/gosec.net\/fr\/#\/schema\/logo\/image\/","url":"https:\/\/gosec.net\/wp-content\/uploads\/GoSec24-color.png","contentUrl":"https:\/\/gosec.net\/wp-content\/uploads\/GoSec24-color.png","width":2000,"height":800,"caption":"GoSec"},"image":{"@id":"https:\/\/gosec.net\/fr\/#\/schema\/logo\/image\/"},"sameAs":["https:\/\/x.com\/GoSec","https:\/\/www.linkedin.com\/company\/gosec22-conference\/"]}]}},"ticketed":false,"_links":{"self":[{"href":"https:\/\/gosec.net\/fr\/wp-json\/wp\/v2\/pages\/2045","targetHints":{"allow":["GET"]}}],"collection":[{"href":"https:\/\/gosec.net\/fr\/wp-json\/wp\/v2\/pages"}],"about":[{"href":"https:\/\/gosec.net\/fr\/wp-json\/wp\/v2\/types\/page"}],"author":[{"embeddable":true,"href":"https:\/\/gosec.net\/fr\/wp-json\/wp\/v2\/users\/1"}],"replies":[{"embeddable":true,"href":"https:\/\/gosec.net\/fr\/wp-json\/wp\/v2\/comments?post=2045"}],"version-history":[{"count":25,"href":"https:\/\/gosec.net\/fr\/wp-json\/wp\/v2\/pages\/2045\/revisions"}],"predecessor-version":[{"id":11740,"href":"https:\/\/gosec.net\/fr\/wp-json\/wp\/v2\/pages\/2045\/revisions\/11740"}],"wp:attachment":[{"href":"https:\/\/gosec.net\/fr\/wp-json\/wp\/v2\/media?parent=2045"}],"curies":[{"name":"wp","href":"https:\/\/api.w.org\/{rel}","templated":true}]}}