{"id":2112,"date":"2024-04-29T08:42:03","date_gmt":"2024-04-29T15:42:03","guid":{"rendered":"https:\/\/www.gosec.net\/panier\/"},"modified":"2025-05-06T12:01:32","modified_gmt":"2025-05-06T16:01:32","slug":"panier","status":"publish","type":"page","link":"https:\/\/gosec.net\/fr\/panier\/","title":{"rendered":"Panier"},"content":{"rendered":"\r\n<div data-block-name=\"woocommerce\/cart\" class=\"wp-block-woocommerce-cart alignwide is-loading\">\r\n<div data-block-name=\"woocommerce\/filled-cart-block\" class=\"wp-block-woocommerce-filled-cart-block\">\r\n<div data-block-name=\"woocommerce\/cart-items-block\" class=\"wp-block-woocommerce-cart-items-block\">\r\n<div data-block-name=\"woocommerce\/cart-line-items-block\" data-translated-with-w-p-m-l-t-m=\"1\" class=\"wp-block-woocommerce-cart-line-items-block\"> <\/div>\r\n\r\n\r\n\r\n<div data-block-name=\"woocommerce\/cart-cross-sells-block\" class=\"wp-block-woocommerce-cart-cross-sells-block\">&#13;\n<h2 class=\"wp-block-heading has-large-font-size\">Vous pourriez \u00eatre int\u00e9ress\u00e9 par&#8230;<\/h2>&#13;\n\r\n\r\n\r\n<div data-block-name=\"woocommerce\/cart-cross-sells-products-block\" data-translated-with-w-p-m-l-t-m=\"1\" class=\"wp-block-woocommerce-cart-cross-sells-products-block\"> <\/div>\r\n<\/div>\r\n<\/div>\r\n\r\n\r\n\r\n<div data-block-name=\"woocommerce\/cart-totals-block\" class=\"wp-block-woocommerce-cart-totals-block\">\r\n<div data-block-name=\"woocommerce\/cart-order-summary-block\" class=\"wp-block-woocommerce-cart-order-summary-block\">\r\n<div data-block-name=\"woocommerce\/cart-order-summary-heading-block\" data-translated-with-w-p-m-l-t-m=\"1\" class=\"wp-block-woocommerce-cart-order-summary-heading-block\"> <\/div>\r\n\r\n\r\n\r\n<div data-block-name=\"woocommerce\/cart-order-summary-coupon-form-block\" data-translated-with-w-p-m-l-t-m=\"1\" class=\"wp-block-woocommerce-cart-order-summary-coupon-form-block\"> <\/div>\r\n\r\n\r\n\r\n\r\n\r\n\r\n\r\n\r\n\r\n\r\n\r\n\r\n\r\n\r\n\r\n\r\n\r\n\r\n\r\n<div data-block-name=\"woocommerce\/cart-order-summary-totals-block\" class=\"wp-block-woocommerce-cart-order-summary-totals-block\">\n<div data-block-name=\"woocommerce\/cart-order-summary-subtotal-block\" data-translated-with-w-p-m-l-t-m=\"1\" class=\"wp-block-woocommerce-cart-order-summary-subtotal-block\"> <\/div>\n<div data-block-name=\"woocommerce\/cart-order-summary-discount-block\" data-translated-with-w-p-m-l-t-m=\"1\" class=\"wp-block-woocommerce-cart-order-summary-discount-block\"> <\/div>\n<div data-block-name=\"woocommerce\/cart-order-summary-fee-block\" data-translated-with-w-p-m-l-t-m=\"1\" class=\"wp-block-woocommerce-cart-order-summary-fee-block\"> <\/div>\n<div data-block-name=\"woocommerce\/cart-order-summary-shipping-block\" data-translated-with-w-p-m-l-t-m=\"1\" class=\"wp-block-woocommerce-cart-order-summary-shipping-block\"> <\/div>\n<div data-block-name=\"woocommerce\/cart-order-summary-taxes-block\" data-translated-with-w-p-m-l-t-m=\"1\" class=\"wp-block-woocommerce-cart-order-summary-taxes-block\"> <\/div><\/div>\r\n<\/div>\r\n\r\n\r\n\r\n<div data-block-name=\"woocommerce\/cart-express-payment-block\" data-button-border-radius=\"4\" data-button-height=\"48\" data-show-button-styles=\"false\" data-translated-with-w-p-m-l-t-m=\"1\" class=\"wp-block-woocommerce-cart-express-payment-block\"> <\/div>\r\n\r\n\r\n\r\n<div data-block-name=\"woocommerce\/proceed-to-checkout-block\" data-translated-with-w-p-m-l-t-m=\"1\" class=\"wp-block-woocommerce-proceed-to-checkout-block\"> <\/div>\r\n\r\n\r\n\r\n<div data-block-name=\"woocommerce\/cart-accepted-payment-methods-block\" data-translated-with-w-p-m-l-t-m=\"1\" class=\"wp-block-woocommerce-cart-accepted-payment-methods-block\"> <\/div>\r\n<\/div>\r\n<\/div>\r\n\r\n\r\n\r\n<div data-block-name=\"woocommerce\/empty-cart-block\" class=\"wp-block-woocommerce-empty-cart-block\">&#13;\n<h2 class=\"wp-block-heading has-text-align-center with-empty-cart-icon wc-block-cart__empty-cart__title\">Votre panier est actuellement vide !<\/h2>&#13;\n\r\n\r\n<hr class=\"wp-block-separator has-alpha-channel-opacity is-style-dots\" \/>\r\n\r\n&#13;\n<h2 class=\"wp-block-heading has-text-align-center\">Nouveau en magasin<\/h2>&#13;\n\r\n\r\n<\/div>\r\n<\/div>\r\n","protected":false},"excerpt":{"rendered":"","protected":false},"author":1,"featured_media":0,"parent":0,"menu_order":0,"comment_status":"closed","ping_status":"closed","template":"","meta":{"_et_pb_use_builder":"","_et_pb_old_content":"","_et_gb_content_width":"","_price":"","_stock":"","_tribe_ticket_header":"","_tribe_default_ticket_provider":"","_tribe_ticket_capacity":"0","_ticket_start_date":"","_ticket_end_date":"","_tribe_ticket_show_description":"","_tribe_ticket_show_not_going":false,"_tribe_ticket_use_global_stock":"","_tribe_ticket_global_stock_level":"","_global_stock_mode":"","_global_stock_cap":"","_tribe_rsvp_for_event":"","_tribe_ticket_going_count":"","_tribe_ticket_not_going_count":"","_tribe_tickets_list":"[]","_tribe_ticket_has_attendee_info_fields":false,"footnotes":"","_tec_slr_enabled":"","_tec_slr_layout":""},"class_list":["post-2112","page","type-page","status-publish","hentry"],"yoast_head":"<!-- This site is optimized with the Yoast SEO plugin v27.4 - https:\/\/yoast.com\/product\/yoast-seo-wordpress\/ -->\n<title>Panier - GoSec<\/title>\n<meta name=\"robots\" content=\"index, follow, max-snippet:-1, max-image-preview:large, max-video-preview:-1\" \/>\n<link rel=\"canonical\" href=\"https:\/\/gosec.net\/fr\/panier\/\" \/>\n<meta property=\"og:locale\" content=\"fr_FR\" \/>\n<meta property=\"og:type\" content=\"article\" \/>\n<meta property=\"og:title\" content=\"Panier - GoSec\" \/>\n<meta property=\"og:url\" content=\"https:\/\/gosec.net\/fr\/panier\/\" \/>\n<meta property=\"og:site_name\" content=\"GoSec\" \/>\n<meta property=\"article:modified_time\" content=\"2025-05-06T16:01:32+00:00\" \/>\n<meta name=\"twitter:card\" content=\"summary_large_image\" \/>\n<meta name=\"twitter:site\" content=\"@GoSec\" \/>\n<script type=\"application\/ld+json\" class=\"yoast-schema-graph\">{\"@context\":\"https:\\\/\\\/schema.org\",\"@graph\":[{\"@type\":\"WebPage\",\"@id\":\"https:\\\/\\\/gosec.net\\\/fr\\\/panier\\\/\",\"url\":\"https:\\\/\\\/gosec.net\\\/fr\\\/panier\\\/\",\"name\":\"Panier - GoSec\",\"isPartOf\":{\"@id\":\"https:\\\/\\\/gosec.net\\\/fr\\\/#website\"},\"datePublished\":\"2024-04-29T15:42:03+00:00\",\"dateModified\":\"2025-05-06T16:01:32+00:00\",\"breadcrumb\":{\"@id\":\"https:\\\/\\\/gosec.net\\\/fr\\\/panier\\\/#breadcrumb\"},\"inLanguage\":\"fr-FR\",\"potentialAction\":[{\"@type\":\"ReadAction\",\"target\":[\"https:\\\/\\\/gosec.net\\\/fr\\\/panier\\\/\"]}]},{\"@type\":\"BreadcrumbList\",\"@id\":\"https:\\\/\\\/gosec.net\\\/fr\\\/panier\\\/#breadcrumb\",\"itemListElement\":[{\"@type\":\"ListItem\",\"position\":1,\"name\":\"Home\",\"item\":\"https:\\\/\\\/gosec.net\\\/fr\\\/\"},{\"@type\":\"ListItem\",\"position\":2,\"name\":\"Panier\"}]},{\"@type\":\"WebSite\",\"@id\":\"https:\\\/\\\/gosec.net\\\/fr\\\/#website\",\"url\":\"https:\\\/\\\/gosec.net\\\/fr\\\/\",\"name\":\"GoSec\",\"description\":\"Together, let\u2019s inspire, educate, and shape the future of cybersecurity\",\"publisher\":{\"@id\":\"https:\\\/\\\/gosec.net\\\/fr\\\/#organization\"},\"potentialAction\":[{\"@type\":\"SearchAction\",\"target\":{\"@type\":\"EntryPoint\",\"urlTemplate\":\"https:\\\/\\\/gosec.net\\\/fr\\\/?s={search_term_string}\"},\"query-input\":{\"@type\":\"PropertyValueSpecification\",\"valueRequired\":true,\"valueName\":\"search_term_string\"}}],\"inLanguage\":\"fr-FR\"},{\"@type\":\"Organization\",\"@id\":\"https:\\\/\\\/gosec.net\\\/fr\\\/#organization\",\"name\":\"GoSec\",\"url\":\"https:\\\/\\\/gosec.net\\\/fr\\\/\",\"logo\":{\"@type\":\"ImageObject\",\"inLanguage\":\"fr-FR\",\"@id\":\"https:\\\/\\\/gosec.net\\\/fr\\\/#\\\/schema\\\/logo\\\/image\\\/\",\"url\":\"https:\\\/\\\/gosec.net\\\/wp-content\\\/uploads\\\/GoSec24-color.png\",\"contentUrl\":\"https:\\\/\\\/gosec.net\\\/wp-content\\\/uploads\\\/GoSec24-color.png\",\"width\":2000,\"height\":800,\"caption\":\"GoSec\"},\"image\":{\"@id\":\"https:\\\/\\\/gosec.net\\\/fr\\\/#\\\/schema\\\/logo\\\/image\\\/\"},\"sameAs\":[\"https:\\\/\\\/x.com\\\/GoSec\",\"https:\\\/\\\/www.linkedin.com\\\/company\\\/gosec22-conference\\\/\"]}]}<\/script>\n<!-- \/ Yoast SEO plugin. -->","yoast_head_json":{"title":"Panier - GoSec","robots":{"index":"index","follow":"follow","max-snippet":"max-snippet:-1","max-image-preview":"max-image-preview:large","max-video-preview":"max-video-preview:-1"},"canonical":"https:\/\/gosec.net\/fr\/panier\/","og_locale":"fr_FR","og_type":"article","og_title":"Panier - GoSec","og_url":"https:\/\/gosec.net\/fr\/panier\/","og_site_name":"GoSec","article_modified_time":"2025-05-06T16:01:32+00:00","twitter_card":"summary_large_image","twitter_site":"@GoSec","schema":{"@context":"https:\/\/schema.org","@graph":[{"@type":"WebPage","@id":"https:\/\/gosec.net\/fr\/panier\/","url":"https:\/\/gosec.net\/fr\/panier\/","name":"Panier - GoSec","isPartOf":{"@id":"https:\/\/gosec.net\/fr\/#website"},"datePublished":"2024-04-29T15:42:03+00:00","dateModified":"2025-05-06T16:01:32+00:00","breadcrumb":{"@id":"https:\/\/gosec.net\/fr\/panier\/#breadcrumb"},"inLanguage":"fr-FR","potentialAction":[{"@type":"ReadAction","target":["https:\/\/gosec.net\/fr\/panier\/"]}]},{"@type":"BreadcrumbList","@id":"https:\/\/gosec.net\/fr\/panier\/#breadcrumb","itemListElement":[{"@type":"ListItem","position":1,"name":"Home","item":"https:\/\/gosec.net\/fr\/"},{"@type":"ListItem","position":2,"name":"Panier"}]},{"@type":"WebSite","@id":"https:\/\/gosec.net\/fr\/#website","url":"https:\/\/gosec.net\/fr\/","name":"GoSec","description":"Together, let\u2019s inspire, educate, and shape the future of cybersecurity","publisher":{"@id":"https:\/\/gosec.net\/fr\/#organization"},"potentialAction":[{"@type":"SearchAction","target":{"@type":"EntryPoint","urlTemplate":"https:\/\/gosec.net\/fr\/?s={search_term_string}"},"query-input":{"@type":"PropertyValueSpecification","valueRequired":true,"valueName":"search_term_string"}}],"inLanguage":"fr-FR"},{"@type":"Organization","@id":"https:\/\/gosec.net\/fr\/#organization","name":"GoSec","url":"https:\/\/gosec.net\/fr\/","logo":{"@type":"ImageObject","inLanguage":"fr-FR","@id":"https:\/\/gosec.net\/fr\/#\/schema\/logo\/image\/","url":"https:\/\/gosec.net\/wp-content\/uploads\/GoSec24-color.png","contentUrl":"https:\/\/gosec.net\/wp-content\/uploads\/GoSec24-color.png","width":2000,"height":800,"caption":"GoSec"},"image":{"@id":"https:\/\/gosec.net\/fr\/#\/schema\/logo\/image\/"},"sameAs":["https:\/\/x.com\/GoSec","https:\/\/www.linkedin.com\/company\/gosec22-conference\/"]}]}},"ticketed":false,"_links":{"self":[{"href":"https:\/\/gosec.net\/fr\/wp-json\/wp\/v2\/pages\/2112","targetHints":{"allow":["GET"]}}],"collection":[{"href":"https:\/\/gosec.net\/fr\/wp-json\/wp\/v2\/pages"}],"about":[{"href":"https:\/\/gosec.net\/fr\/wp-json\/wp\/v2\/types\/page"}],"author":[{"embeddable":true,"href":"https:\/\/gosec.net\/fr\/wp-json\/wp\/v2\/users\/1"}],"replies":[{"embeddable":true,"href":"https:\/\/gosec.net\/fr\/wp-json\/wp\/v2\/comments?post=2112"}],"version-history":[{"count":2,"href":"https:\/\/gosec.net\/fr\/wp-json\/wp\/v2\/pages\/2112\/revisions"}],"predecessor-version":[{"id":7580,"href":"https:\/\/gosec.net\/fr\/wp-json\/wp\/v2\/pages\/2112\/revisions\/7580"}],"wp:attachment":[{"href":"https:\/\/gosec.net\/fr\/wp-json\/wp\/v2\/media?parent=2112"}],"curies":[{"name":"wp","href":"https:\/\/api.w.org\/{rel}","templated":true}]}}